{"id":2139,"date":"2026-01-09T19:59:49","date_gmt":"2026-01-09T19:59:49","guid":{"rendered":"https:\/\/codenix-agency.com\/?page_id=2139"},"modified":"2026-03-27T23:18:04","modified_gmt":"2026-03-27T23:18:04","slug":"ofrece-tarifas","status":"publish","type":"page","link":"https:\/\/codenix-agency.com\/es\/offres-tarifs\/","title":{"rendered":"Ofertas y precios"},"content":{"rendered":"<div class=\"wp-block-uagb-advanced-heading uagb-block-38651359\"><h2 class=\"uagb-heading-text\">Creaci\u00f3n de sitios web de alto rendimiento<\/h2><\/div>\n\n\n\n<p><\/p>\n\n\n\n<p class=\"has-text-align-center has-medium-font-size\">Sitios web modernos y r\u00e1pidos, optimizados para un mayor rendimiento.<br><\/p>\n\n\n\n<p class=\"has-text-align-center has-medium-font-size\">La soluci\u00f3n ideal para desarrollar su visibilidad y su negocio en l\u00ednea.<\/p>\n\n\n\n<p class=\"has-text-align-center has-medium-font-size\"><\/p>\n\n\n\n<p class=\"has-text-align-center has-medium-font-size\"><\/p>\n\n\n\n<p><\/p>\n\n\n\n<div class=\"wp-block-uagb-container uagb-layout-flex uagb-block-4d5e8f12 default uagb-is-root-container\">\n<div class=\"wp-block-uagb-container card-premium uagb-block-460d867c\">\n<div class=\"wp-block-uagb-advanced-heading uagb-block-7d44ab7e\"><h3 class=\"uagb-heading-text\">OFERTA DE INICIO<\/h3><\/div>\n\n\n\n<p class=\"has-text-align-center has-medium-font-size\">Escaparate - Imprescindible<br>Para lanzar su empresa<br>Desde 1.200<\/p>\n\n\n\n<h5 class=\"wp-block-heading has-text-align-center\">Ideal para lanzar su proyecto<\/h5>\n\n\n\n<blockquote class=\"wp-block-quote is-layout-flow wp-block-quote-is-layout-flow\">\n<ul class=\"wp-block-list\">\n<li>Hasta 5 p\u00e1ginas<\/li>\n\n\n\n<li>Dise\u00f1o moderno<\/li>\n\n\n\n<li>Formulario de contacto<\/li>\n\n\n\n<li>SEO b\u00e1sico<\/li>\n\n\n\n<li>Seguridad web<\/li>\n\n\n\n<li>En l\u00ednea incluido<\/li>\n<\/ul>\n<\/blockquote>\n\n\n\n<div class=\"wp-block-uagb-buttons uagb-buttons__outer-wrap uagb-btn__default-btn uagb-btn-tablet__default-btn uagb-btn-mobile__default-btn uagb-block-0e2b1501\"><div class=\"uagb-buttons__wrap uagb-buttons-layout-wrap\">\n<div class=\"wp-block-uagb-buttons-child uagb-buttons__outer-wrap uagb-block-90db02f8 wp-block-button\"><div class=\"uagb-button__wrapper\"><a class=\"uagb-buttons-repeater wp-block-button__link\" aria-label=\"\" href=\"https:\/\/codenix-agency.com\/es\/pongase-en-contacto-con\/\" rel=\"follow noopener\" target=\"_self\" role=\"button\"><div class=\"uagb-button__link\">solicitar presupuesto<\/div><\/a><\/div><\/div>\n<\/div><\/div>\n<\/div>\n\n\n\n<div class=\"wp-block-uagb-container card-premium is-featured uagb-block-e8267463\">\n<div class=\"wp-block-uagb-advanced-heading uagb-block-320b652e\"><h3 class=\"uagb-heading-text\">OFERTA COMERCIAL <\/h3><\/div>\n\n\n\n<p class=\"has-text-align-center has-medium-font-size\">Sitio web profesional<br>Para desarrollar su negocio<br>Desde 2.500 euros<br><\/p>\n\n\n\n<h5 class=\"wp-block-heading has-text-align-center card-premium featured\">Recomendado para su empresa<\/h5>\n\n\n\n<blockquote class=\"wp-block-quote is-layout-flow wp-block-quote-is-layout-flow\">\n<ul class=\"wp-block-list\">\n<li>10 p\u00e1ginas optimizadas<\/li>\n\n\n\n<li>Dise\u00f1o a medida<\/li>\n\n\n\n<li>SEO avanzado<\/li>\n\n\n\n<li>Rendimiento de la web<\/li>\n\n\n\n<li>An\u00e1lisis integrados<\/li>\n\n\n\n<li>Estrategia digital<\/li>\n<\/ul>\n<\/blockquote>\n\n\n\n<div class=\"wp-block-uagb-buttons uagb-buttons__outer-wrap uagb-btn__default-btn uagb-btn-tablet__default-btn uagb-btn-mobile__default-btn uagb-block-174a1224\"><div class=\"uagb-buttons__wrap uagb-buttons-layout-wrap\">\n<div class=\"wp-block-uagb-buttons-child uagb-buttons__outer-wrap uagb-block-66e2d812 wp-block-button\"><div class=\"uagb-button__wrapper\"><a class=\"uagb-buttons-repeater wp-block-button__link\" aria-label=\"\" href=\"https:\/\/codenix-agency.com\/es\/pongase-en-contacto-con\/\" rel=\"follow noopener\" target=\"_self\" role=\"button\"><div class=\"uagb-button__link\">Lanzar mi proyecto<\/div><\/a><\/div><\/div>\n<\/div><\/div>\n<\/div>\n\n\n\n<div class=\"wp-block-uagb-container card-premium uagb-layout-flex uagb-block-0c983b56\">\n<div class=\"wp-block-uagb-advanced-heading uagb-block-a7b532f3\"><h3 class=\"uagb-heading-text\">OFERTA PREMIUM<\/h3><\/div>\n\n\n\n<p class=\"has-text-align-center has-medium-font-size\">Sitio web y aplicaci\u00f3n<br>Para proyectos ambiciosos<br>Desde 4.500 euros<br><\/p>\n\n\n\n<h5 class=\"wp-block-heading has-text-align-center\"><em>Soluci\u00f3n para proyectos ambiciosos<\/em><\/h5>\n\n\n\n<div class=\"wp-block-columns are-vertically-aligned-center is-layout-flex wp-container-core-columns-is-layout-28f84493 wp-block-columns-is-layout-flex\">\n<div class=\"wp-block-column is-vertically-aligned-center is-layout-flow wp-block-column-is-layout-flow\" style=\"flex-basis:100%\">\n<blockquote class=\"wp-block-quote is-layout-flow wp-block-quote-is-layout-flow\">\n<ul class=\"wp-block-list\">\n<li>P\u00e1ginas ilimitadas<\/li>\n\n\n\n<li>UX\/UI avanzado<\/li>\n\n\n\n<li>SEO estrat\u00e9gico<\/li>\n\n\n\n<li>Desarrollo a medida<\/li>\n\n\n\n<li>Asistencia prioritaria<\/li>\n\n\n\n<li>Escalabilidad garantizada<\/li>\n<\/ul>\n<\/blockquote>\n<\/div>\n<\/div>\n\n\n\n<div class=\"wp-block-uagb-buttons uagb-buttons__outer-wrap uagb-btn__default-btn uagb-btn-tablet__default-btn uagb-btn-mobile__default-btn uagb-block-cf09f479\"><div class=\"uagb-buttons__wrap uagb-buttons-layout-wrap\">\n<div class=\"wp-block-uagb-buttons-child uagb-buttons__outer-wrap uagb-block-339fac24 wp-block-button\"><div class=\"uagb-button__wrapper\"><a class=\"uagb-buttons-repeater wp-block-button__link\" aria-label=\"\" href=\"https:\/\/codenix-agency.com\/es\/pongase-en-contacto-con\/\" rel=\"follow noopener\" target=\"_self\" role=\"button\"><div class=\"uagb-button__link\">Hablar del proyecto<\/div><\/a><\/div><\/div>\n<\/div><\/div>\n<\/div>\n<\/div>\n\n\n\n<p><\/p>\n\n\n\n<p><\/p>\n\n\n\n<div class=\"wp-block-uagb-advanced-heading uagb-block-e12e4d49\"><h2 class=\"uagb-heading-text\"> Dise\u00f1o web y soluciones digitales<\/h2><\/div>\n\n\n\n<p><\/p>\n\n\n\n<p class=\"has-text-align-center has-medium-font-size\">Sitios web modernos, r\u00e1pidos y optimizados para desarrollar su negocio en l\u00ednea.<\/p>\n\n\n\n<p><\/p>\n\n\n\n<p><\/p>\n\n\n\n<div class=\"wp-block-uagb-container uagb-block-8433f34e default uagb-is-root-container\">\n<div class=\"wp-block-uagb-container card-premium uagb-block-60772bd3\">\n<div class=\"wp-block-uagb-advanced-heading uagb-block-864c1315\"><h3 class=\"uagb-heading-text\">MANTENIMIENTO ESENCIAL<\/h3><\/div>\n\n\n\n<p class=\"has-text-align-center has-medium-font-size\">Esencial 59 euros \/ mes<\/p>\n\n\n\n<p class=\"has-text-align-center has-medium-font-size\">Actualizaciones y extensiones de WordPress<br>Copias de seguridad autom\u00e1ticas peri\u00f3dicas<br>Control continuo de la seguridad<br>Asistencia t\u00e9cnica est\u00e1ndar incluida<\/p>\n\n\n\n<div class=\"wp-block-uagb-buttons uagb-buttons__outer-wrap uagb-btn__default-btn uagb-btn-tablet__default-btn uagb-btn-mobile__default-btn uagb-block-29a40d1f\"><div class=\"uagb-buttons__wrap uagb-buttons-layout-wrap\">\n<div class=\"wp-block-uagb-buttons-child uagb-buttons__outer-wrap uagb-block-a72a51a8 wp-block-button\"><div class=\"uagb-button__wrapper\"><a class=\"uagb-buttons-repeater wp-block-button__link\" aria-label=\"\" href=\"#https:\/\/codenix-agency.com\/contact\/\" rel=\"follow noopener\" target=\"_self\" role=\"button\"><div class=\"uagb-button__link\">Proteger mi sitio web<\/div><\/a><\/div><\/div>\n<\/div><\/div>\n<\/div>\n\n\n\n<div class=\"wp-block-uagb-container card-premium uagb-block-b34c848e\">\n<div class=\"wp-block-uagb-advanced-heading uagb-block-305f2aa1\"><h3 class=\"uagb-heading-text\">NEGOCIO DE MANTENIMIENTO<\/h3><\/div>\n\n\n\n<p class=\"has-text-align-center has-medium-font-size\">Pro 129 \u20ac \/ mes<\/p>\n\n\n\n<p class=\"has-text-align-center has-medium-font-size\">Optimizaci\u00f3n completa del rendimiento<br>Correcciones y ajustes t\u00e9cnicos<br>Asistencia prioritaria espec\u00edfica<br>Supervisi\u00f3n t\u00e9cnica peri\u00f3dica del emplazamiento<\/p>\n\n\n\n<div class=\"wp-block-uagb-buttons uagb-buttons__outer-wrap uagb-btn__default-btn uagb-btn-tablet__default-btn uagb-btn-mobile__default-btn uagb-block-a401d6d3\"><div class=\"uagb-buttons__wrap uagb-buttons-layout-wrap\">\n<div class=\"wp-block-uagb-buttons-child uagb-buttons__outer-wrap uagb-block-654f6c2c wp-block-button\"><div class=\"uagb-button__wrapper\"><a class=\"uagb-buttons-repeater wp-block-button__link\" aria-label=\"\" href=\"#https:\/\/codenix-agency.com\/contact\/\" rel=\"follow noopener\" target=\"_self\" role=\"button\"><div class=\"uagb-button__link\"><strong>Cambiar a <\/strong>pro<\/div><\/a><\/div><\/div>\n<\/div><\/div>\n<\/div>\n\n\n\n<div class=\"wp-block-uagb-container card-premium uagb-block-c62d07c4\">\n<div class=\"wp-block-uagb-advanced-heading uagb-block-401dc961\"><h3 class=\"uagb-heading-text\">MANTENIMIENTO PREMIUM<\/h3><\/div>\n\n\n\n<p class=\"has-text-align-center has-medium-font-size\">Premium 249 euros \/ mes<\/p>\n\n\n\n<p class=\"has-text-align-center has-medium-font-size\">SEO continuo y optimizaci\u00f3n avanzada<br>Mejoras en la experiencia del usuario y la conversi\u00f3n<br>Supervisi\u00f3n t\u00e9cnica en tiempo real<br>Apoyo estrat\u00e9gico especializado<\/p>\n\n\n\n<div class=\"wp-block-uagb-buttons uagb-buttons__outer-wrap uagb-btn__default-btn uagb-btn-tablet__default-btn uagb-btn-mobile__default-btn uagb-block-d83c92b1\"><div class=\"uagb-buttons__wrap uagb-buttons-layout-wrap\">\n<div class=\"wp-block-uagb-buttons-child uagb-buttons__outer-wrap uagb-block-e4afbe4b wp-block-button\"><div class=\"uagb-button__wrapper\"><a class=\"uagb-buttons-repeater wp-block-button__link\" aria-label=\"\" href=\"#https:\/\/codenix-agency.com\/contact\/\" rel=\"follow noopener\" target=\"_self\" role=\"button\"><div class=\"uagb-button__link\"><strong> Contactar con un experto<\/strong><\/div><\/a><\/div><\/div>\n<\/div><\/div>\n<\/div>\n<\/div>\n\n\n\n<p><\/p>","protected":false},"excerpt":{"rendered":"<p>Cr\u00e9ation de sites web performants Des sites web modernes, rapides et optimis\u00e9s pour la performance. La solution id\u00e9ale pour d\u00e9velopper votre visibilit\u00e9 et votre activit\u00e9 en ligne. OFFRE START Site vitrine \u2013 EssentielPour lancer votre activit\u00e9\u00c0 partir de 1 200 \u20ac Id\u00e9al pour lancer votre projet OFFRE BUSINESS Site web professionnelPour d\u00e9velopper votre activit\u00e9\u00c0 partir [&hellip;]<\/p>\n","protected":false},"author":1,"featured_media":0,"parent":0,"menu_order":0,"comment_status":"closed","ping_status":"closed","template":"","meta":{"_uag_custom_page_level_css":"","site-sidebar-layout":"default","site-content-layout":"","ast-site-content-layout":"default","site-content-style":"default","site-sidebar-style":"default","ast-global-header-display":"","ast-banner-title-visibility":"","ast-main-header-display":"","ast-hfb-above-header-display":"","ast-hfb-below-header-display":"","ast-hfb-mobile-header-display":"","site-post-title":"disabled","ast-breadcrumbs-content":"","ast-featured-img":"","footer-sml-layout":"","ast-disable-related-posts":"","theme-transparent-header-meta":"disabled","adv-header-id-meta":"","stick-header-meta":"","header-above-stick-meta":"","header-main-stick-meta":"","header-below-stick-meta":"","astra-migrate-meta-layouts":"set","ast-page-background-enabled":"default","ast-page-background-meta":{"desktop":{"background-color":"","background-image":"","background-repeat":"repeat","background-position":"center center","background-size":"auto","background-attachment":"scroll","background-type":"","background-media":"","overlay-type":"","overlay-color":"","overlay-opacity":"","overlay-gradient":""},"tablet":{"background-color":"","background-image":"","background-repeat":"repeat","background-position":"center center","background-size":"auto","background-attachment":"scroll","background-type":"","background-media":"","overlay-type":"","overlay-color":"","overlay-opacity":"","overlay-gradient":""},"mobile":{"background-color":"","background-image":"","background-repeat":"repeat","background-position":"center center","background-size":"auto","background-attachment":"scroll","background-type":"","background-media":"","overlay-type":"","overlay-color":"","overlay-opacity":"","overlay-gradient":""}},"ast-content-background-meta":{"desktop":{"background-color":"var(--ast-global-color-5)","background-image":"","background-repeat":"repeat","background-position":"center center","background-size":"auto","background-attachment":"scroll","background-type":"","background-media":"","overlay-type":"","overlay-color":"","overlay-opacity":"","overlay-gradient":""},"tablet":{"background-color":"var(--ast-global-color-5)","background-image":"","background-repeat":"repeat","background-position":"center center","background-size":"auto","background-attachment":"scroll","background-type":"","background-media":"","overlay-type":"","overlay-color":"","overlay-opacity":"","overlay-gradient":""},"mobile":{"background-color":"var(--ast-global-color-5)","background-image":"","background-repeat":"repeat","background-position":"center center","background-size":"auto","background-attachment":"scroll","background-type":"","background-media":"","overlay-type":"","overlay-color":"","overlay-opacity":"","overlay-gradient":""}},"footnotes":""},"class_list":["post-2139","page","type-page","status-publish","hentry"],"aioseo_notices":[],"_hostinger_reach_plugin_has_subscription_block":false,"_hostinger_reach_plugin_is_elementor":false,"uagb_featured_image_src":{"full":false,"thumbnail":false,"medium":false,"medium_large":false,"large":false,"1536x1536":false,"2048x2048":false,"trp-custom-language-flag":false,"woocommerce_thumbnail":false,"woocommerce_single":false,"woocommerce_gallery_thumbnail":false},"uagb_author_info":{"display_name":"montejoyannick@gmail.com","author_link":"https:\/\/codenix-agency.com\/es\/author\/montejoyannickgmail-com\/"},"uagb_comment_info":0,"uagb_excerpt":"Cr\u00e9ation de sites web performants Des sites web modernes, rapides et optimis\u00e9s pour la performance. La solution id\u00e9ale pour d\u00e9velopper votre visibilit\u00e9 et votre activit\u00e9 en ligne. OFFRE START Site vitrine \u2013 EssentielPour lancer votre activit\u00e9\u00c0 partir de 1 200 \u20ac Id\u00e9al pour lancer votre projet OFFRE BUSINESS Site web professionnelPour d\u00e9velopper votre activit\u00e9\u00c0 partir&hellip;","_links":{"self":[{"href":"https:\/\/codenix-agency.com\/es\/wp-json\/wp\/v2\/pages\/2139","targetHints":{"allow":["GET"]}}],"collection":[{"href":"https:\/\/codenix-agency.com\/es\/wp-json\/wp\/v2\/pages"}],"about":[{"href":"https:\/\/codenix-agency.com\/es\/wp-json\/wp\/v2\/types\/page"}],"author":[{"embeddable":true,"href":"https:\/\/codenix-agency.com\/es\/wp-json\/wp\/v2\/users\/1"}],"replies":[{"embeddable":true,"href":"https:\/\/codenix-agency.com\/es\/wp-json\/wp\/v2\/comments?post=2139"}],"version-history":[{"count":151,"href":"https:\/\/codenix-agency.com\/es\/wp-json\/wp\/v2\/pages\/2139\/revisions"}],"predecessor-version":[{"id":3713,"href":"https:\/\/codenix-agency.com\/es\/wp-json\/wp\/v2\/pages\/2139\/revisions\/3713"}],"wp:attachment":[{"href":"https:\/\/codenix-agency.com\/es\/wp-json\/wp\/v2\/media?parent=2139"}],"curies":[{"name":"wp","href":"https:\/\/api.w.org\/{rel}","templated":true}]}}