{"id":11,"date":"2025-12-20T07:01:24","date_gmt":"2025-12-20T07:01:24","guid":{"rendered":"https:\/\/codenix-agency.com\/about\/"},"modified":"2026-03-19T17:49:27","modified_gmt":"2026-03-19T17:49:27","slug":"about","status":"publish","type":"page","link":"https:\/\/codenix-agency.com\/fr_fr\/about\/","title":{"rendered":"\u00c0 propos"},"content":{"rendered":"\n<div class=\"wp-block-uagb-image aligncenter uagb-block-991c34ff wp-block-uagb-image--layout-default wp-block-uagb-image--effect-static wp-block-uagb-image--align-center\"><figure class=\"wp-block-uagb-image__figure\"><img decoding=\"async\" srcset=\"https:\/\/codenix-agency.com\/wp-content\/uploads\/2026\/03\/Espacio-de-trabajo-moderno-y-organizado-1024x683.png ,https:\/\/codenix-agency.com\/wp-content\/uploads\/2026\/03\/Espacio-de-trabajo-moderno-y-organizado.png 780w, https:\/\/codenix-agency.com\/wp-content\/uploads\/2026\/03\/Espacio-de-trabajo-moderno-y-organizado.png 360w\" sizes=\"auto, (max-width: 480px) 150px\" src=\"https:\/\/codenix-agency.com\/wp-content\/uploads\/2026\/03\/Espacio-de-trabajo-moderno-y-organizado-1024x683.png\" alt=\"espacio de trabajo moderno y organizado\" class=\"uag-image-3355\" width=\"1024\" height=\"683\" title=\"espacio de trabajo moderno y organizado\" loading=\"lazy\" role=\"img\"\/><\/figure><\/div>\n\n\n\n<div class=\"wp-block-group is-layout-flex wp-block-group-is-layout-flex\">\n<div class=\"wp-block-uagb-container uagb-block-884423db alignwide uagb-is-root-container\">\n<div class=\"wp-block-group is-vertical is-content-justification-right is-layout-flex wp-container-core-group-is-layout-52219066 wp-block-group-is-layout-flex\">\n<div class=\"wp-block-group is-nowrap is-layout-flex wp-container-core-group-is-layout-6c531013 wp-block-group-is-layout-flex\">\n<div class=\"wp-block-uagb-image aligncenter uagb-block-6a21e1de wp-block-uagb-image--layout-default wp-block-uagb-image--effect-static wp-block-uagb-image--align-center\"><figure class=\"wp-block-uagb-image__figure\"><img decoding=\"async\" srcset=\"https:\/\/codenix-agency.com\/wp-content\/uploads\/2026\/03\/Trabajo-en-equipo-en-oficina-moderna-1024x683.png ,https:\/\/codenix-agency.com\/wp-content\/uploads\/2026\/03\/Trabajo-en-equipo-en-oficina-moderna.png 780w, https:\/\/codenix-agency.com\/wp-content\/uploads\/2026\/03\/Trabajo-en-equipo-en-oficina-moderna.png 360w\" sizes=\"auto, (max-width: 480px) 150px\" src=\"https:\/\/codenix-agency.com\/wp-content\/uploads\/2026\/03\/Trabajo-en-equipo-en-oficina-moderna-1024x683.png\" alt=\"trabajo en equipo en oficina moderna\" class=\"uag-image-3357\" width=\"565\" height=\"683\" title=\"trabajo en equipo en oficina moderna\" loading=\"lazy\" role=\"img\"\/><\/figure><\/div>\n\n\n\n<div class=\"wp-block-uagb-container uagb-block-25cab8fb\">\n<div class=\"wp-block-group is-content-justification-center is-layout-flex wp-container-core-group-is-layout-b02886af wp-block-group-is-layout-flex\">\n<div class=\"wp-block-columns is-layout-flex wp-container-core-columns-is-layout-28f84493 wp-block-columns-is-layout-flex\">\n<div class=\"wp-block-column is-layout-flow wp-block-column-is-layout-flow\" style=\"flex-basis:100%\">\n<div class=\"wp-block-uagb-info-box uagb-block-0c4004a4 uagb-infobox__content-wrap  uagb-infobox-icon-above-title uagb-infobox-image-valign-top\"><div class=\"uagb-ifb-content\"><div class=\"uagb-ifb-title-wrap\"><div class=\"uagb-ifb-separator\"><\/div><h2 class=\"uagb-ifb-title\">Construire votre succ\u00e8s digital<\/h2><\/div><p class=\"uagb-ifb-desc\">Nous accompagnons les entreprises dans la cr\u00e9ation de sites web performants, pens\u00e9s pour convertir.<br>Notre approche combine design, d\u00e9veloppement sur mesure et SEO pour g\u00e9n\u00e9rer des r\u00e9sultats durables.<br><br><br><br><br>\u2714 Sites web sur mesure et performants<br><br>\u2714 Applications web adapt\u00e9es \u00e0 vos besoins<br><br>\u2714 SEO optimis\u00e9 pour plus de visibilit\u00e9<br><br>\u2714 Maintenance fiable et accompagnement continu<br><\/p><\/div><\/div>\n<\/div>\n<\/div>\n<\/div>\n<\/div>\n<\/div>\n<\/div>\n<\/div>\n<\/div>\n\n\n\n<div class=\"wp-block-uagb-container uagb-block-e8bfb59f alignfull uagb-is-root-container\"><div class=\"uagb-container-inner-blocks-wrap\">\n<div class=\"wp-block-uagb-advanced-heading uagb-block-3dc7f831\"><h4 class=\"uagb-heading-text\">Nous cr\u00e9ons des sites web performants pour d\u00e9velopper votre visibilit\u00e9 et votre croissance en ligne.<br>Des solutions sur mesure, pens\u00e9es pour convertir.<\/h4><\/div>\n\n\n\n<div class=\"wp-block-uagb-container uagb-layout-grid uagb-block-e73e9173\"><\/div>\n<\/div><\/div>\n\n\n\n<div class=\"wp-block-uagb-container uagb-block-7c1b8d64 alignfull uagb-is-root-container\"><div class=\"uagb-container-inner-blocks-wrap\">\n<div class=\"wp-block-uagb-info-box uagb-block-998c1d97 uagb-infobox__content-wrap  uagb-infobox-icon-above-title uagb-infobox-image-valign-top\"><div class=\"uagb-ifb-content\"><div class=\"uagb-ifb-title-wrap\"><div class=\"uagb-ifb-separator\"><\/div><h2 class=\"uagb-ifb-title\"><strong>Expertise digitale &amp; performance<\/strong><\/h2><\/div><p class=\"uagb-ifb-desc\">Des solutions web con\u00e7ues pour la visibilit\u00e9, la conversion et la croissance.<\/p><\/div><\/div>\n\n\n\n<div class=\"wp-block-uagb-container uagb-block-e8c554e9\">\n<div class=\"wp-block-uagb-container uagb-layout-grid uagb-block-c734db78\">\n<div class=\"wp-block-uagb-advanced-heading uagb-block-5a75ad54\"><h4 class=\"uagb-heading-text\">2025<\/h4><\/div>\n\n\n\n<div class=\"wp-block-uagb-advanced-heading uagb-block-d89ae4d7\"><h4 class=\"uagb-heading-text\">Conseil digital &amp; strat\u00e9gie web<\/h4><p class=\"uagb-desc-text\">Accompagnement strat\u00e9gique pour optimiser votre pr\u00e9sence en ligne et booster vos performances.<br><\/p><\/div>\n<\/div>\n\n\n\n<div class=\"wp-block-uagb-container uagb-layout-grid uagb-block-0bc8f369\">\n<div class=\"wp-block-uagb-advanced-heading uagb-block-1cdd8ae9\"><h4 class=\"uagb-heading-text\">2024\u200b<\/h4><\/div>\n\n\n\n<div class=\"wp-block-uagb-advanced-heading uagb-block-2fa45249\"><h4 class=\"uagb-heading-text\">Marketing digital &amp; visibilit\u00e9<\/h4><p class=\"uagb-desc-text\">Strat\u00e9gies SEO et acquisition de trafic pour d\u00e9velopper votre visibilit\u00e9 et vos conversions.<\/p><\/div>\n<\/div>\n\n\n\n<div class=\"wp-block-uagb-container uagb-layout-grid uagb-block-96944ac7\">\n<div class=\"wp-block-uagb-advanced-heading uagb-block-ff5c36d4\"><h4 class=\"uagb-heading-text\">2023<\/h4><\/div>\n\n\n\n<div class=\"wp-block-uagb-advanced-heading uagb-block-173836e1\"><h4 class=\"uagb-heading-text\">R\u00e9seaux sociaux &amp; contenu<\/h4><p class=\"uagb-desc-text\">Cr\u00e9ation de contenus engageants et gestion de votre pr\u00e9sence sur les r\u00e9seaux.<\/p><\/div>\n<\/div>\n\n\n\n<div class=\"wp-block-uagb-container uagb-layout-grid uagb-block-eb8299a6\">\n<div class=\"wp-block-uagb-advanced-heading uagb-block-a08830c7\"><h4 class=\"uagb-heading-text\">2022<\/h4><\/div>\n\n\n\n<div class=\"wp-block-uagb-advanced-heading uagb-block-75dc0f52\"><h4 class=\"uagb-heading-text\">Premiers projets web<\/h4><p class=\"uagb-desc-text\">Conception de sites web et premi\u00e8res exp\u00e9riences sur des projets concrets.<\/p><\/div>\n<\/div>\n<\/div>\n<\/div><\/div>\n\n\n\n<div class=\"wp-block-uagb-container uagb-block-8c06a574 alignfull uagb-is-root-container\"><div class=\"uagb-container-inner-blocks-wrap\"><\/div><\/div>\n\n\n\n<div class=\"wp-block-uagb-container uagb-block-e19a243a alignfull uagb-is-root-container\"><div class=\"uagb-container-inner-blocks-wrap\">\n<div class=\"wp-block-uagb-info-box uagb-block-62d20f23 uagb-infobox__content-wrap  uagb-infobox-icon-above-title uagb-infobox-image-valign-top\"><div class=\"uagb-ifb-content\"><div class=\"uagb-ifb-title-wrap\"><div class=\"uagb-ifb-separator\"><\/div><h2 class=\"uagb-ifb-title\">Ils nous font confiance<\/h2><\/div><\/div><\/div>\n\n\n\n<div class=\"wp-block-uagb-container uagb-layout-grid uagb-block-e04bd752\">\n<div class=\"wp-block-uagb-container uagb-block-49f96fbd\">      \n\t\t\t<div class=\"uagb-icon-wrapper uagb-block-bcdedce6      \"\n\t\t\tstyle=\"\" >\n\t\t\t\t\t\t\t\t\t<span class=\"uagb-svg-wrapper\" \n\t\t\t\t\t aria-label=\"quote-left\"\t\t\t\t\ttabindex=\"0\">\t\t\n\t\t\t\t\t\t\t\t\t\t<svg xmlns=\"https:\/\/www.w3.org\/2000\/svg\" viewBox= \"0 0 448 512\" role=\"graphics-symbol\" aria-hidden=\"false\" aria-label=\"\"><path d=\"M96 224C84.72 224 74.05 226.3 64 229.9V224c0-35.3 28.7-64 64-64c17.67 0 32-14.33 32-32S145.7 96 128 96C57.42 96 0 153.4 0 224v96c0 53.02 42.98 96 96 96s96-42.98 96-96S149 224 96 224zM352 224c-11.28 0-21.95 2.305-32 5.879V224c0-35.3 28.7-64 64-64c17.67 0 32-14.33 32-32s-14.33-32-32-32c-70.58 0-128 57.42-128 128v96c0 53.02 42.98 96 96 96s96-42.98 96-96S405 224 352 224z\"><\/path><\/svg>\n\t\t\t\t\t\t\t\t\t<\/span>\n\t\t\t\t\t\t\t<\/div>\n\t\t\t\n\n\n<div class=\"wp-block-uagb-testimonial uagb-slick-carousel uagb-tm__arrow-outside uagb-block-8b1eae0d uagb-post__carousel_notset uagb-post__carousel_notset-tablet uagb-post__carousel_notset-mobile\"><div class=\"is-carousel uagb-tm__columns-1 uagb-tm__items\"><div class=\"uagb-testimonial__wrap  uagb-tm__imgicon-style-circle uagb-tm__image-position-bottom uagb-tm__bg-type-none \"><div class=\"uagb-tm__content\"><div class=\"uagb-tm__overlay\"><\/div><div class=\"uagb-tm__text-wrap\"><div class=\"uagb-tm__desc\">Codenix Agency a su parfaitement comprendre nos besoins et les transformer en un site web moderne, rapide et orient\u00e9 conversion. Leur approche strat\u00e9gique et leur accompagnement ont clairement fait la diff\u00e9rence.<\/div><div class=\"uagb-tm__meta-inner\"><div class=\"uagb-tm__image-content\"><div class=\"uagb-tm__image\"><img decoding=\"async\" class=\"uagb-tm-img-src\" src=\"https:\/\/codenix-agency.com\/wp-content\/uploads\/2021\/06\/testimonial3.png\" alt=\"Testimonial3\" width=\"40\" height=\"40\" loading=\"lazy\" title=\"\u00c0 propos\"><\/div><\/div><div class=\"uagb-testimonial-details\"><span class=\"uagb-tm__author-name\">\u200bJulien Martin<\/span><span class=\"uagb-tm__company\">u003cstrongu003eEntreprise :u003c\/strongu003eu003cbru003eFondateur \u2013 JM Consulting<\/span><\/div><\/div><\/div><\/div><\/div><\/div><\/div>\n<\/div>\n\n\n\n<div class=\"wp-block-uagb-container uagb-block-3d86ad7a\">      \n\t\t\t<div class=\"uagb-icon-wrapper uagb-block-17c10a2a      \"\n\t\t\tstyle=\"\" >\n\t\t\t\t\t\t\t\t\t<span class=\"uagb-svg-wrapper\" \n\t\t\t\t\t aria-label=\"quote-left\"\t\t\t\t\ttabindex=\"0\">\t\t\n\t\t\t\t\t\t\t\t\t\t<svg xmlns=\"https:\/\/www.w3.org\/2000\/svg\" viewBox= \"0 0 448 512\" role=\"graphics-symbol\" aria-hidden=\"false\" aria-label=\"\"><path d=\"M96 224C84.72 224 74.05 226.3 64 229.9V224c0-35.3 28.7-64 64-64c17.67 0 32-14.33 32-32S145.7 96 128 96C57.42 96 0 153.4 0 224v96c0 53.02 42.98 96 96 96s96-42.98 96-96S149 224 96 224zM352 224c-11.28 0-21.95 2.305-32 5.879V224c0-35.3 28.7-64 64-64c17.67 0 32-14.33 32-32s-14.33-32-32-32c-70.58 0-128 57.42-128 128v96c0 53.02 42.98 96 96 96s96-42.98 96-96S405 224 352 224z\"><\/path><\/svg>\n\t\t\t\t\t\t\t\t\t<\/span>\n\t\t\t\t\t\t\t<\/div>\n\t\t\t\n\n\n<div class=\"wp-block-uagb-testimonial uagb-slick-carousel uagb-tm__arrow-outside uagb-block-e9c09d9e uagb-post__carousel_notset uagb-post__carousel_notset-tablet uagb-post__carousel_notset-mobile\"><div class=\"is-carousel uagb-tm__columns-1 uagb-tm__items\"><div class=\"uagb-testimonial__wrap  uagb-tm__imgicon-style-circle uagb-tm__image-position-bottom uagb-tm__bg-type-none \"><div class=\"uagb-tm__content\"><div class=\"uagb-tm__overlay\"><\/div><div class=\"uagb-tm__text-wrap\"><div class=\"uagb-tm__desc\">Du design \u00e0 la mise en ligne, tout a \u00e9t\u00e9 clair, structur\u00e9 et efficace. L\u2019\u00e9quipe Codenix est \u00e0 l\u2019\u00e9coute et ma\u00eetrise parfaitement les enjeux techniques et strat\u00e9giques du web.<\/div><div class=\"uagb-tm__meta-inner\"><div class=\"uagb-tm__image-content\"><div class=\"uagb-tm__image\"><img decoding=\"async\" class=\"uagb-tm-img-src\" src=\"https:\/\/codenix-agency.com\/wp-content\/uploads\/2021\/06\/testimonial4.png\" alt=\"Testimonial4\" width=\"40\" height=\"40\" loading=\"lazy\" title=\"\u00c0 propos\"><\/div><\/div><div class=\"uagb-testimonial-details\"><span class=\"uagb-tm__author-name\">Claire Dupont<\/span><span class=\"uagb-tm__company\">Dirigeante \u2013 Atelier Cr\u00e9atif<\/span><\/div><\/div><\/div><\/div><\/div><\/div><\/div>\n<\/div>\n\n\n\n<div class=\"wp-block-uagb-container uagb-block-9601361e\">      \n\t\t\t<div class=\"uagb-icon-wrapper uagb-block-499e3492      \"\n\t\t\tstyle=\"\" >\n\t\t\t\t\t\t\t\t\t<span class=\"uagb-svg-wrapper\" \n\t\t\t\t\t aria-label=\"quote-left\"\t\t\t\t\ttabindex=\"0\">\t\t\n\t\t\t\t\t\t\t\t\t\t<svg xmlns=\"https:\/\/www.w3.org\/2000\/svg\" viewBox= \"0 0 448 512\" role=\"graphics-symbol\" aria-hidden=\"false\" aria-label=\"\"><path d=\"M96 224C84.72 224 74.05 226.3 64 229.9V224c0-35.3 28.7-64 64-64c17.67 0 32-14.33 32-32S145.7 96 128 96C57.42 96 0 153.4 0 224v96c0 53.02 42.98 96 96 96s96-42.98 96-96S149 224 96 224zM352 224c-11.28 0-21.95 2.305-32 5.879V224c0-35.3 28.7-64 64-64c17.67 0 32-14.33 32-32s-14.33-32-32-32c-70.58 0-128 57.42-128 128v96c0 53.02 42.98 96 96 96s96-42.98 96-96S405 224 352 224z\"><\/path><\/svg>\n\t\t\t\t\t\t\t\t\t<\/span>\n\t\t\t\t\t\t\t<\/div>\n\t\t\t\n\n\n<div class=\"wp-block-uagb-testimonial uagb-slick-carousel uagb-tm__arrow-outside uagb-block-4624ef12 uagb-post__carousel_notset uagb-post__carousel_notset-tablet uagb-post__carousel_notset-mobile\"><div class=\"is-carousel uagb-tm__columns-1 uagb-tm__items\"><div class=\"uagb-testimonial__wrap  uagb-tm__imgicon-style-circle uagb-tm__image-position-bottom uagb-tm__bg-type-none \"><div class=\"uagb-tm__content\"><div class=\"uagb-tm__overlay\"><\/div><div class=\"uagb-tm__text-wrap\"><div class=\"uagb-tm__desc\">Une \u00e9quipe professionnelle, r\u00e9active et force de proposition. Le travail sur le SEO et la performance de notre site a eu un impact direct sur notre visibilit\u00e9 et nos demandes de contact.<\/div><div class=\"uagb-tm__meta-inner\"><div class=\"uagb-tm__image-content\"><div class=\"uagb-tm__image\"><img decoding=\"async\" class=\"uagb-tm-img-src\" src=\"https:\/\/codenix-agency.com\/wp-content\/uploads\/2021\/06\/testimonial1.png\" alt=\"Testimonial1\" width=\"40\" height=\"40\" loading=\"lazy\" title=\"\u00c0 propos\"><\/div><\/div><div class=\"uagb-testimonial-details\"><span class=\"uagb-tm__author-name\">Sophie Laurent<\/span><span class=\"uagb-tm__company\">Responsable marketing \u2013 Nova Solutions<\/span><\/div><\/div><\/div><\/div><\/div><\/div><\/div>\n<\/div>\n\n\n\n<div class=\"wp-block-uagb-container uagb-block-023e0475\">      \n\t\t\t<div class=\"uagb-icon-wrapper uagb-block-a4c16d8f      \"\n\t\t\tstyle=\"\" >\n\t\t\t\t\t\t\t\t\t<span class=\"uagb-svg-wrapper\" \n\t\t\t\t\t aria-label=\"quote-left\"\t\t\t\t\ttabindex=\"0\">\t\t\n\t\t\t\t\t\t\t\t\t\t<svg xmlns=\"https:\/\/www.w3.org\/2000\/svg\" viewBox= \"0 0 448 512\" role=\"graphics-symbol\" aria-hidden=\"false\" aria-label=\"\"><path d=\"M96 224C84.72 224 74.05 226.3 64 229.9V224c0-35.3 28.7-64 64-64c17.67 0 32-14.33 32-32S145.7 96 128 96C57.42 96 0 153.4 0 224v96c0 53.02 42.98 96 96 96s96-42.98 96-96S149 224 96 224zM352 224c-11.28 0-21.95 2.305-32 5.879V224c0-35.3 28.7-64 64-64c17.67 0 32-14.33 32-32s-14.33-32-32-32c-70.58 0-128 57.42-128 128v96c0 53.02 42.98 96 96 96s96-42.98 96-96S405 224 352 224z\"><\/path><\/svg>\n\t\t\t\t\t\t\t\t\t<\/span>\n\t\t\t\t\t\t\t<\/div>\n\t\t\t\n\n\n<div class=\"wp-block-uagb-testimonial uagb-slick-carousel uagb-tm__arrow-outside uagb-block-6a6e1707 uagb-post__carousel_notset uagb-post__carousel_notset-tablet uagb-post__carousel_notset-mobile\"><div class=\"is-carousel uagb-tm__columns-1 uagb-tm__items\"><div class=\"uagb-testimonial__wrap  uagb-tm__imgicon-style-circle uagb-tm__image-position-bottom uagb-tm__bg-type-none \"><div class=\"uagb-tm__content\"><div class=\"uagb-tm__overlay\"><\/div><div class=\"uagb-tm__text-wrap\"><div class=\"uagb-tm__desc\">Nous cherchions un partenaire digital fiable pour un projet sur mesure. Codenix Agency a livr\u00e9 une solution robuste, \u00e9volutive et parfaitement align\u00e9e avec nos objectifs business.<\/div><div class=\"uagb-tm__meta-inner\"><div class=\"uagb-tm__image-content\"><div class=\"uagb-tm__image\"><img decoding=\"async\" class=\"uagb-tm-img-src\" src=\"https:\/\/codenix-agency.com\/wp-content\/uploads\/2021\/06\/testimonial2.png\" alt=\"Testimonial2\" width=\"40\" height=\"40\" loading=\"lazy\" title=\"\u00c0 propos\"><\/div><\/div><div class=\"uagb-testimonial-details\"><span class=\"uagb-tm__author-name\">\u200bThomas Rodriguez<\/span><span class=\"uagb-tm__company\">CEO \u2013 StartUp Flow<\/span><\/div><\/div><\/div><\/div><\/div><\/div><\/div>\n<\/div>\n<\/div>\n<\/div><\/div>\n","protected":false},"excerpt":{"rendered":"<p>Nous cr\u00e9ons des sites web performants pour d\u00e9velopper votre visibilit\u00e9 et votre croissance en ligne.Des solutions sur mesure, pens\u00e9es pour convertir. 2025 Conseil digital &amp; strat\u00e9gie web Accompagnement strat\u00e9gique pour optimiser votre pr\u00e9sence en ligne et booster vos performances. 2024\u200b Marketing digital &amp; visibilit\u00e9 Strat\u00e9gies SEO et acquisition de trafic pour d\u00e9velopper votre visibilit\u00e9 et [&hellip;]<\/p>\n","protected":false},"author":1,"featured_media":0,"parent":0,"menu_order":0,"comment_status":"closed","ping_status":"closed","template":"","meta":{"_uag_custom_page_level_css":"","site-sidebar-layout":"no-sidebar","site-content-layout":"plain-container","ast-site-content-layout":"normal-width-container","site-content-style":"unboxed","site-sidebar-style":"unboxed","ast-global-header-display":"","ast-banner-title-visibility":"","ast-main-header-display":"","ast-hfb-above-header-display":"","ast-hfb-below-header-display":"","ast-hfb-mobile-header-display":"","site-post-title":"","ast-breadcrumbs-content":"","ast-featured-img":"disabled","footer-sml-layout":"","ast-disable-related-posts":"","theme-transparent-header-meta":"enabled","adv-header-id-meta":"","stick-header-meta":"","header-above-stick-meta":"","header-main-stick-meta":"","header-below-stick-meta":"","astra-migrate-meta-layouts":"set","ast-page-background-enabled":"default","ast-page-background-meta":{"desktop":{"background-color":"","background-image":"","background-repeat":"repeat","background-position":"center center","background-size":"auto","background-attachment":"scroll","background-type":"","background-media":"","overlay-type":"","overlay-color":"","overlay-opacity":"","overlay-gradient":""},"tablet":{"background-color":"","background-image":"","background-repeat":"repeat","background-position":"center center","background-size":"auto","background-attachment":"scroll","background-type":"","background-media":"","overlay-type":"","overlay-color":"","overlay-opacity":"","overlay-gradient":""},"mobile":{"background-color":"","background-image":"","background-repeat":"repeat","background-position":"center center","background-size":"auto","background-attachment":"scroll","background-type":"","background-media":"","overlay-type":"","overlay-color":"","overlay-opacity":"","overlay-gradient":""}},"ast-content-background-meta":{"desktop":{"background-color":"var(--ast-global-color-5)","background-image":"","background-repeat":"repeat","background-position":"center center","background-size":"auto","background-attachment":"scroll","background-type":"","background-media":"","overlay-type":"","overlay-color":"","overlay-opacity":"","overlay-gradient":""},"tablet":{"background-color":"var(--ast-global-color-5)","background-image":"","background-repeat":"repeat","background-position":"center center","background-size":"auto","background-attachment":"scroll","background-type":"","background-media":"","overlay-type":"","overlay-color":"","overlay-opacity":"","overlay-gradient":""},"mobile":{"background-color":"var(--ast-global-color-5)","background-image":"","background-repeat":"repeat","background-position":"center center","background-size":"auto","background-attachment":"scroll","background-type":"","background-media":"","overlay-type":"","overlay-color":"","overlay-opacity":"","overlay-gradient":""}},"footnotes":""},"class_list":["post-11","page","type-page","status-publish","hentry"],"aioseo_notices":[],"_hostinger_reach_plugin_has_subscription_block":false,"_hostinger_reach_plugin_is_elementor":false,"uagb_featured_image_src":{"full":false,"thumbnail":false,"medium":false,"medium_large":false,"large":false,"1536x1536":false,"2048x2048":false,"trp-custom-language-flag":false,"woocommerce_thumbnail":false,"woocommerce_single":false,"woocommerce_gallery_thumbnail":false},"uagb_author_info":{"display_name":"montejoyannick@gmail.com","author_link":"https:\/\/codenix-agency.com\/fr_fr\/author\/montejoyannickgmail-com\/"},"uagb_comment_info":0,"uagb_excerpt":"Nous cr\u00e9ons des sites web performants pour d\u00e9velopper votre visibilit\u00e9 et votre croissance en ligne.Des solutions sur mesure, pens\u00e9es pour convertir. 2025 Conseil digital &amp; strat\u00e9gie web Accompagnement strat\u00e9gique pour optimiser votre pr\u00e9sence en ligne et booster vos performances. 2024\u200b Marketing digital &amp; visibilit\u00e9 Strat\u00e9gies SEO et acquisition de trafic pour d\u00e9velopper votre visibilit\u00e9 et\u2026","_links":{"self":[{"href":"https:\/\/codenix-agency.com\/fr_fr\/wp-json\/wp\/v2\/pages\/11","targetHints":{"allow":["GET"]}}],"collection":[{"href":"https:\/\/codenix-agency.com\/fr_fr\/wp-json\/wp\/v2\/pages"}],"about":[{"href":"https:\/\/codenix-agency.com\/fr_fr\/wp-json\/wp\/v2\/types\/page"}],"author":[{"embeddable":true,"href":"https:\/\/codenix-agency.com\/fr_fr\/wp-json\/wp\/v2\/users\/1"}],"replies":[{"embeddable":true,"href":"https:\/\/codenix-agency.com\/fr_fr\/wp-json\/wp\/v2\/comments?post=11"}],"version-history":[{"count":20,"href":"https:\/\/codenix-agency.com\/fr_fr\/wp-json\/wp\/v2\/pages\/11\/revisions"}],"predecessor-version":[{"id":3387,"href":"https:\/\/codenix-agency.com\/fr_fr\/wp-json\/wp\/v2\/pages\/11\/revisions\/3387"}],"wp:attachment":[{"href":"https:\/\/codenix-agency.com\/fr_fr\/wp-json\/wp\/v2\/media?parent=11"}],"curies":[{"name":"wp","href":"https:\/\/api.w.org\/{rel}","templated":true}]}}