{"id":1488,"date":"2026-03-14T10:49:44","date_gmt":"2026-03-14T10:49:44","guid":{"rendered":"https:\/\/codenix-agency.com\/home-2\/"},"modified":"2026-04-22T21:32:57","modified_gmt":"2026-04-22T21:32:57","slug":"home-2","status":"publish","type":"page","link":"https:\/\/codenix-agency.com\/fr_fr\/","title":{"rendered":"Accueil"},"content":{"rendered":"\n<div class=\"wp-block-cover is-light has-ast-global-color-7-color has-text-color has-link-color wp-elements-9991385c7a7265ba77f19cbc9b346885 has-aspect-ratio\" style=\"border-style:none;border-width:0px;margin-top:40px;margin-bottom:0px;padding-top:40px;padding-right:20px;padding-bottom:40px;padding-left:20px;font-size:28px;line-height:1.1;min-height:320px;aspect-ratio:16\/9;min-height:unset;\"><img loading=\"lazy\" decoding=\"async\" width=\"1024\" height=\"683\" class=\"wp-block-cover__image-background wp-image-3880 size-large\" alt=\"chatgpt image 20 avr. 2026, 12 32 19\" src=\"https:\/\/codenix-agency.com\/wp-content\/uploads\/2026\/04\/ChatGPT-Image-20-avr.-2026-12_32_19-1024x683.png\" style=\"object-position:78% 50%\" data-object-fit=\"cover\" data-object-position=\"78% 50%\" title=\"Accueil\" srcset=\"https:\/\/codenix-agency.com\/wp-content\/uploads\/2026\/04\/ChatGPT-Image-20-avr.-2026-12_32_19-1024x683.png 1024w, https:\/\/codenix-agency.com\/wp-content\/uploads\/2026\/04\/ChatGPT-Image-20-avr.-2026-12_32_19-300x200.png 300w, https:\/\/codenix-agency.com\/wp-content\/uploads\/2026\/04\/ChatGPT-Image-20-avr.-2026-12_32_19-768x512.png 768w, https:\/\/codenix-agency.com\/wp-content\/uploads\/2026\/04\/ChatGPT-Image-20-avr.-2026-12_32_19-18x12.png 18w, https:\/\/codenix-agency.com\/wp-content\/uploads\/2026\/04\/ChatGPT-Image-20-avr.-2026-12_32_19-600x400.png 600w, https:\/\/codenix-agency.com\/wp-content\/uploads\/2026\/04\/ChatGPT-Image-20-avr.-2026-12_32_19.png 1536w\" sizes=\"auto, (max-width: 1024px) 100vw, 1024px\" \/><span aria-hidden=\"true\" class=\"wp-block-cover__background has-background-dim-10 has-background-dim\" style=\"background-color:#edeef6\"><\/span><div class=\"wp-block-cover__inner-container is-layout-constrained wp-container-core-cover-is-layout-3821db89 wp-block-cover-is-layout-constrained\">\n<div class=\"wp-block-uagb-advanced-heading uagb-block-d45d4eda\"><h1 class=\"uagb-heading-text\">Agence web | SEO<br>&amp; marketing digital<\/h1><\/div>\n\n\n\n<p class=\"has-medium-font-size\" style=\"padding-right:50px;padding-left:50px\">G\u00e9n\u00e9rez plus de clients<br>gr\u00e2ce \u00e0 des solutions concr\u00e8tes.<\/p>\n<\/div><\/div>\n\n\n\n<div class=\"wp-block-uagb-container uagb-block-7b830887 alignfull uagb-is-root-container\"><div class=\"uagb-container-inner-blocks-wrap\">\n<div class=\"wp-block-uagb-advanced-heading uagb-block-c4252b01\"><h2 class=\"uagb-heading-text\">\u200bNos services<\/h2><p class=\"uagb-desc-text\">Nous accompagnons les entreprises dans la cr\u00e9ation de sites web modernes, performants et optimis\u00e9s pour d\u00e9velopper leur activit\u00e9.<\/p><\/div>\n\n\n\n<div class=\"wp-block-uagb-buttons uagb-buttons__outer-wrap uagb-btn__default-btn uagb-btn-tablet__default-btn uagb-btn-mobile__default-btn uagb-block-2ff6ae4b\"><div class=\"uagb-buttons__wrap uagb-buttons-layout-wrap \">\n<div class=\"wp-block-uagb-buttons-child uagb-buttons__outer-wrap uagb-block-cd33e4ed wp-block-button\"><div class=\"uagb-button__wrapper\"><a class=\"uagb-buttons-repeater wp-block-button__link\" aria-label=\"\" href=\"https:\/\/codenix-agency.com\/contact\" rel=\"follow noopener\" target=\"_self\" role=\"button\"><div class=\"uagb-button__link\">Demander un devis<\/div><\/a><\/div><\/div>\n<\/div><\/div>\n\n\n\n<div class=\"wp-block-uagb-container uagb-block-4d4d48d6\">\n<div class=\"wp-block-uagb-container uagb-block-e35a1fde\">\n<div class=\"wp-block-uagb-info-box uagb-block-318f4bee uagb-infobox__content-wrap  uagb-infobox-icon-above-title uagb-infobox-image-valign-top\"><div class=\"uagb-ifb-content\"><div class=\"uagb-ifb-icon-wrap\"><svg xmlns=\"https:\/\/www.w3.org\/2000\/svg\" viewBox=\"0 0 512 512\"><path d=\"M490.3 40.4C512.2 62.27 512.2 97.73 490.3 119.6L460.3 149.7L362.3 51.72L392.4 21.66C414.3-.2135 449.7-.2135 471.6 21.66L490.3 40.4zM172.4 241.7L339.7 74.34L437.7 172.3L270.3 339.6C264.2 345.8 256.7 350.4 248.4 353.2L159.6 382.8C150.1 385.6 141.5 383.4 135 376.1C128.6 370.5 126.4 361 129.2 352.4L158.8 263.6C161.6 255.3 166.2 247.8 172.4 241.7V241.7zM192 63.1C209.7 63.1 224 78.33 224 95.1C224 113.7 209.7 127.1 192 127.1H96C78.33 127.1 64 142.3 64 159.1V416C64 433.7 78.33 448 96 448H352C369.7 448 384 433.7 384 416V319.1C384 302.3 398.3 287.1 416 287.1C433.7 287.1 448 302.3 448 319.1V416C448 469 405 512 352 512H96C42.98 512 0 469 0 416V159.1C0 106.1 42.98 63.1 96 63.1H192z\"><\/path><\/svg><\/div><div class=\"uagb-ifb-title-wrap\"><h4 class=\"uagb-ifb-title\">Design Web<\/h4><\/div><p class=\"uagb-ifb-desc\">Cr\u00e9ation de designs modernes et professionnels adapt\u00e9s \u00e0 votre image de marque.<\/p><\/div><\/div>\n<\/div>\n\n\n\n<div class=\"wp-block-uagb-container uagb-block-f0fb8981\">\n<div class=\"wp-block-uagb-info-box uagb-block-c2361e87 uagb-infobox__content-wrap  uagb-infobox-icon-above-title uagb-infobox-image-valign-top\"><div class=\"uagb-ifb-content\"><div class=\"uagb-ifb-icon-wrap\"><svg xmlns=\"https:\/\/www.w3.org\/2000\/svg\" viewBox=\"0 0 576 512\"><path d=\"M128 160C128 142.3 142.3 128 160 128H288C305.7 128 320 142.3 320 160V256C320 273.7 305.7 288 288 288H160C142.3 288 128 273.7 128 256V160zM288 320C323.3 320 352 291.3 352 256V224H416C433.7 224 448 238.3 448 256V352C448 369.7 433.7 384 416 384H288C270.3 384 256 369.7 256 352V320H288zM32 119.4C12.87 108.4 0 87.69 0 64C0 28.65 28.65 0 64 0C87.69 0 108.4 12.87 119.4 32H456.6C467.6 12.87 488.3 0 512 0C547.3 0 576 28.65 576 64C576 87.69 563.1 108.4 544 119.4V392.6C563.1 403.6 576 424.3 576 448C576 483.3 547.3 512 512 512C488.3 512 467.6 499.1 456.6 480H119.4C108.4 499.1 87.69 512 64 512C28.65 512 0 483.3 0 448C0 424.3 12.87 403.6 32 392.6V119.4zM119.4 96C113.8 105.7 105.7 113.8 96 119.4V392.6C105.7 398.2 113.8 406.3 119.4 416H456.6C462.2 406.3 470.3 398.2 480 392.6V119.4C470.3 113.8 462.2 105.7 456.6 96H119.4z\"><\/path><\/svg><\/div><div class=\"uagb-ifb-title-wrap\"><h4 class=\"uagb-ifb-title\">D\u00e9veloppement Web<\/h4><\/div><p class=\"uagb-ifb-desc\">D\u00e9veloppement de sites web rapides, s\u00e9curis\u00e9s et optimis\u00e9s pour tous les appareils.<\/p><\/div><\/div>\n<\/div>\n\n\n\n<div class=\"wp-block-uagb-container uagb-block-fb564294\">\n<div class=\"wp-block-uagb-info-box uagb-block-0a431fb6 uagb-infobox__content-wrap  uagb-infobox-icon-above-title uagb-infobox-image-valign-top\"><div class=\"uagb-ifb-content\"><div class=\"uagb-ifb-icon-wrap\"><svg xmlns=\"https:\/\/www.w3.org\/2000\/svg\" viewBox=\"0 0 512 512\"><path d=\"M511.6 36.86l-64 415.1c-1.5 9.734-7.375 18.22-15.97 23.05c-4.844 2.719-10.27 4.097-15.68 4.097c-4.188 0-8.319-.8154-12.29-2.472l-122.6-51.1l-50.86 76.29C226.3 508.5 219.8 512 212.8 512C201.3 512 192 502.7 192 491.2v-96.18c0-7.115 2.372-14.03 6.742-19.64L416 96l-293.7 264.3L19.69 317.5C8.438 312.8 .8125 302.2 .0625 289.1s5.469-23.72 16.06-29.77l448-255.1c10.69-6.109 23.88-5.547 34 1.406S513.5 24.72 511.6 36.86z\"><\/path><\/svg><\/div><div class=\"uagb-ifb-title-wrap\"><h4 class=\"uagb-ifb-title\">SEO &amp; Visibilit\u00e9<\/h4><\/div><p class=\"uagb-ifb-desc\">Optimisation SEO pour am\u00e9liorer votre visibilit\u00e9 sur Google et attirer plus de clients.<\/p><\/div><\/div>\n<\/div>\n\n\n\n<div class=\"wp-block-uagb-container uagb-block-44e897c5\">\n<div class=\"wp-block-uagb-info-box uagb-block-aab0c17a uagb-infobox__content-wrap  uagb-infobox-icon-above-title uagb-infobox-image-valign-top\"><div class=\"uagb-ifb-content\"><div class=\"uagb-ifb-icon-wrap\"><svg xmlns=\"https:\/\/www.w3.org\/2000\/svg\" viewBox=\"0 0 384 512\"><path d=\"M112.1 454.3c0 6.297 1.816 12.44 5.284 17.69l17.14 25.69c5.25 7.875 17.17 14.28 26.64 14.28h61.67c9.438 0 21.36-6.401 26.61-14.28l17.08-25.68c2.938-4.438 5.348-12.37 5.348-17.7L272 415.1h-160L112.1 454.3zM191.4 .0132C89.44 .3257 16 82.97 16 175.1c0 44.38 16.44 84.84 43.56 115.8c16.53 18.84 42.34 58.23 52.22 91.45c.0313 .25 .0938 .5166 .125 .7823h160.2c.0313-.2656 .0938-.5166 .125-.7823c9.875-33.22 35.69-72.61 52.22-91.45C351.6 260.8 368 220.4 368 175.1C368 78.61 288.9-.2837 191.4 .0132zM192 96.01c-44.13 0-80 35.89-80 79.1C112 184.8 104.8 192 96 192S80 184.8 80 176c0-61.76 50.25-111.1 112-111.1c8.844 0 16 7.159 16 16S200.8 96.01 192 96.01z\"><\/path><\/svg><\/div><div class=\"uagb-ifb-title-wrap\"><h4 class=\"uagb-ifb-title\"><strong><strong>\u200b<\/strong>\u200b<\/strong>Strat\u00e9gie Digitale<\/h4><\/div><p class=\"uagb-ifb-desc\">Mise en place de strat\u00e9gies digitales pour d\u00e9velopper votre pr\u00e9sence en ligne.<\/p><\/div><\/div>\n<\/div>\n\n\n\n<div class=\"wp-block-uagb-container uagb-block-6ecad6e4\">\n<div class=\"wp-block-uagb-info-box uagb-block-1e58973e uagb-infobox__content-wrap  uagb-infobox-icon-above-title uagb-infobox-image-valign-top\"><div class=\"uagb-ifb-content\"><div class=\"uagb-ifb-icon-wrap\"><svg xmlns=\"https:\/\/www.w3.org\/2000\/svg\" viewBox=\"0 0 576 512\"><path d=\"M512 32C547.3 32 576 60.65 576 96V128H0V96C0 60.65 28.65 32 64 32H512zM576 416C576 451.3 547.3 480 512 480H64C28.65 480 0 451.3 0 416V224H576V416zM112 352C103.2 352 96 359.2 96 368C96 376.8 103.2 384 112 384H176C184.8 384 192 376.8 192 368C192 359.2 184.8 352 176 352H112zM240 384H368C376.8 384 384 376.8 384 368C384 359.2 376.8 352 368 352H240C231.2 352 224 359.2 224 368C224 376.8 231.2 384 240 384z\"><\/path><\/svg><\/div><div class=\"uagb-ifb-title-wrap\"><h4 class=\"uagb-ifb-title\">Sites E-commerce<\/h4><\/div><p class=\"uagb-ifb-desc\">Cr\u00e9ation de boutiques en ligne performantes pour vendre vos produits facilement.<\/p><\/div><\/div>\n<\/div>\n\n\n\n<div class=\"wp-block-uagb-container uagb-block-a021c308\">\n<div class=\"wp-block-uagb-info-box uagb-block-ddf22a23 uagb-infobox__content-wrap  uagb-infobox-icon-above-title uagb-infobox-image-valign-top\"><div class=\"uagb-ifb-content\"><div class=\"uagb-ifb-icon-wrap\"><svg xmlns=\"https:\/\/www.w3.org\/2000\/svg\" viewBox=\"0 0 512 512\"><path d=\"M256 0C114.6 0 0 114.6 0 256s114.6 256 256 256s256-114.6 256-256S397.4 0 256 0zM256 128c39.77 0 72 32.24 72 72S295.8 272 256 272c-39.76 0-72-32.24-72-72S216.2 128 256 128zM256 448c-52.93 0-100.9-21.53-135.7-56.29C136.5 349.9 176.5 320 224 320h64c47.54 0 87.54 29.88 103.7 71.71C356.9 426.5 308.9 448 256 448z\"><\/path><\/svg><\/div><div class=\"uagb-ifb-title-wrap\"><h4 class=\"uagb-ifb-title\">Support &amp; Maintenance<\/h4><\/div><p class=\"uagb-ifb-desc\">Maintenance, mises \u00e0 jour et assistance technique pour assurer la performance de votre site.<\/p><\/div><\/div>\n<\/div>\n<\/div>\n<\/div><\/div>\n\n\n\n<div class=\"wp-block-uagb-container uagb-block-4bf68d2c alignfull uagb-is-root-container\"><div class=\"uagb-container-inner-blocks-wrap\">\n<div class=\"wp-block-uagb-advanced-heading uagb-block-3f15a6cb\"><h2 class=\"uagb-heading-text\">Nos r\u00e9alisations<\/h2><p class=\"uagb-desc-text\">D\u00e9couvrez quelques projets que nous avons r\u00e9alis\u00e9s pour aider nos clients \u00e0 d\u00e9velopper leur pr\u00e9sence digitale et g\u00e9n\u00e9rer plus de r\u00e9sultats.<\/p><\/div>\n\n\n\n<div class=\"wp-block-uagb-image uagb-block-a7c3c2df wp-block-uagb-image--layout-overlay wp-block-uagb-image--effect-static wp-block-uagb-image--align-none\"><figure class=\"wp-block-uagb-image__figure\"><img decoding=\"async\" srcset=\"https:\/\/codenix-agency.com\/wp-content\/uploads\/2026\/03\/portefolio5-.png ,https:\/\/codenix-agency.com\/wp-content\/uploads\/2026\/03\/portefolio5-.png 780w, https:\/\/codenix-agency.com\/wp-content\/uploads\/2026\/03\/portefolio5-.png 360w\" sizes=\"auto, (max-width: 480px) 150px\" src=\"https:\/\/codenix-agency.com\/wp-content\/uploads\/2026\/03\/portefolio5-.png\" alt=\"portefolio5\" class=\"uag-image-3411\" width=\"1536\" height=\"864\" title=\"portefolio5\" loading=\"lazy\" role=\"img\"\/><div class=\"wp-block-uagb-image--layout-overlay__color-wrapper\"><\/div><div class=\"wp-block-uagb-image--layout-overlay__inner center-center\"><\/div><\/figure><\/div>\n\n\n\n<div class=\"wp-block-uagb-image uagb-block-56ef6146 wp-block-uagb-image--layout-overlay wp-block-uagb-image--effect-static wp-block-uagb-image--align-none\"><figure class=\"wp-block-uagb-image__figure\"><img decoding=\"async\" srcset=\"https:\/\/codenix-agency.com\/wp-content\/uploads\/2026\/03\/ChatGPT-Image-21-mars-2026-13_11_58.png ,https:\/\/codenix-agency.com\/wp-content\/uploads\/2026\/03\/ChatGPT-Image-21-mars-2026-13_11_58-1024x683.png 780w, https:\/\/codenix-agency.com\/wp-content\/uploads\/2026\/03\/ChatGPT-Image-21-mars-2026-13_11_58.png 360w\" sizes=\"auto, (max-width: 480px) 150px\" src=\"https:\/\/codenix-agency.com\/wp-content\/uploads\/2026\/03\/ChatGPT-Image-21-mars-2026-13_11_58.png\" alt=\"chatgpt image 21 mars 2026, 13 11 58\" class=\"uag-image-3407\" width=\"1536\" height=\"1024\" title=\"chatgpt image 21 mars 2026, 13 11 58\" loading=\"lazy\" role=\"img\"\/><div class=\"wp-block-uagb-image--layout-overlay__color-wrapper\"><\/div><div class=\"wp-block-uagb-image--layout-overlay__inner center-center\"><\/div><\/figure><\/div>\n\n\n\n<div class=\"wp-block-uagb-buttons uagb-buttons__outer-wrap uagb-btn__default-btn uagb-btn-tablet__default-btn uagb-btn-mobile__default-btn uagb-block-77a31664\"><div class=\"uagb-buttons__wrap uagb-buttons-layout-wrap \">\n<div class=\"wp-block-uagb-buttons-child uagb-buttons__outer-wrap uagb-block-cc514627 wp-block-button\"><div class=\"uagb-button__wrapper\"><a class=\"uagb-buttons-repeater wp-block-button__link\" aria-label=\"\" href=\"https:\/\/codenix-agency.com\/contact\" rel=\"follow noopener\" target=\"_self\" role=\"button\"><div class=\"uagb-button__link\">D\u00e9marrer mon projet<\/div><\/a><\/div><\/div>\n<\/div><\/div>\n\n\n\n<div class=\"wp-block-uagb-advanced-heading uagb-block-75815616\"><h2 class=\"uagb-heading-text\">Nos clients<\/h2><p class=\"uagb-desc-text\">Des entreprises qui font confiance \u00e0 CODENIX pour leur croissance digitale<\/p><\/div>\n<\/div><\/div>\n\n\n\n<div class=\"wp-block-uagb-container uagb-block-3b905f6b alignfull uagb-is-root-container\"><div class=\"uagb-container-inner-blocks-wrap\">\n<div class=\"wp-block-uagb-container uagb-block-3150e9a9\">\n<div class=\"wp-block-uagb-image aligncenter uagb-block-029404d8 wp-block-uagb-image--layout-default wp-block-uagb-image--effect-static wp-block-uagb-image--align-center\"><figure class=\"wp-block-uagb-image__figure\"><img decoding=\"async\" srcset=\"https:\/\/codenix-agency.com\/wp-content\/uploads\/2026\/03\/Logo-de-DX-CODENIX-Web-Solutions-300x200.png ,https:\/\/codenix-agency.com\/wp-content\/uploads\/2026\/03\/Logo-de-DX-CODENIX-Web-Solutions.png 780w, https:\/\/codenix-agency.com\/wp-content\/uploads\/2026\/03\/Logo-de-DX-CODENIX-Web-Solutions.png 360w\" sizes=\"auto, (max-width: 480px) 150px\" src=\"https:\/\/codenix-agency.com\/wp-content\/uploads\/2026\/03\/Logo-de-DX-CODENIX-Web-Solutions-300x200.png\" alt=\"logo de dx codenix web solutions\" class=\"uag-image-3329\" width=\"300\" height=\"200\" title=\"logo de dx codenix web solutions\" loading=\"lazy\" role=\"img\"\/><\/figure><\/div>\n<\/div>\n\n\n\n<div class=\"wp-block-uagb-container uagb-block-43f7edea\">\n<div class=\"wp-block-uagb-image aligncenter uagb-block-fc8762de wp-block-uagb-image--layout-default wp-block-uagb-image--effect-static wp-block-uagb-image--align-center\"><figure class=\"wp-block-uagb-image__figure\"><img decoding=\"async\" srcset=\"https:\/\/codenix-agency.com\/wp-content\/uploads\/2026\/03\/Logo-moderno-de-CODENIX-LAB-1024x683.png ,https:\/\/codenix-agency.com\/wp-content\/uploads\/2026\/03\/Logo-moderno-de-CODENIX-LAB.png 780w, https:\/\/codenix-agency.com\/wp-content\/uploads\/2026\/03\/Logo-moderno-de-CODENIX-LAB.png 360w\" sizes=\"auto, (max-width: 480px) 150px\" src=\"https:\/\/codenix-agency.com\/wp-content\/uploads\/2026\/03\/Logo-moderno-de-CODENIX-LAB-1024x683.png\" alt=\"logo moderno de codenix lab\" class=\"uag-image-3328\" width=\"160\" height=\"160\" title=\"logo moderno de codenix lab\" loading=\"lazy\" role=\"img\"\/><\/figure><\/div>\n<\/div>\n\n\n\n<div class=\"wp-block-uagb-container uagb-block-5c547ba7\">\n<div class=\"wp-block-uagb-image aligncenter uagb-block-466c8c26 wp-block-uagb-image--layout-default wp-block-uagb-image--effect-static wp-block-uagb-image--align-center\"><figure class=\"wp-block-uagb-image__figure\"><img decoding=\"async\" srcset=\"https:\/\/codenix-agency.com\/wp-content\/uploads\/2026\/03\/logo-digital-studio-1024x683.png ,https:\/\/codenix-agency.com\/wp-content\/uploads\/2026\/03\/logo-digital-studio.png 780w, https:\/\/codenix-agency.com\/wp-content\/uploads\/2026\/03\/logo-digital-studio.png 360w\" sizes=\"auto, (max-width: 480px) 150px\" src=\"https:\/\/codenix-agency.com\/wp-content\/uploads\/2026\/03\/logo-digital-studio-1024x683.png\" alt=\"logo digital studio\" class=\"uag-image-3327\" width=\"160\" height=\"160\" title=\"logo digital studio\" loading=\"lazy\" role=\"img\"\/><\/figure><\/div>\n<\/div>\n\n\n\n<div class=\"wp-block-uagb-container uagb-block-ab837842\">\n<div class=\"wp-block-uagb-image aligncenter uagb-block-080eb598 wp-block-uagb-image--layout-default wp-block-uagb-image--effect-static wp-block-uagb-image--align-center\"><figure class=\"wp-block-uagb-image__figure\"><img decoding=\"async\" srcset=\"https:\/\/codenix-agency.com\/wp-content\/uploads\/2026\/03\/ChatGPT-Image-18-mars-2026-17_28_42-1024x683.png ,https:\/\/codenix-agency.com\/wp-content\/uploads\/2026\/03\/ChatGPT-Image-18-mars-2026-17_28_42.png 780w, https:\/\/codenix-agency.com\/wp-content\/uploads\/2026\/03\/ChatGPT-Image-18-mars-2026-17_28_42.png 360w\" sizes=\"auto, (max-width: 480px) 150px\" src=\"https:\/\/codenix-agency.com\/wp-content\/uploads\/2026\/03\/ChatGPT-Image-18-mars-2026-17_28_42-1024x683.png\" alt=\"chatgpt image 18 mars 2026, 17 28 42\" class=\"uag-image-3366\" width=\"160\" height=\"160\" title=\"chatgpt image 18 mars 2026, 17 28 42\" loading=\"lazy\" role=\"img\"\/><\/figure><\/div>\n<\/div>\n<\/div><\/div>\n\n\n\n<div class=\"wp-block-uagb-container uagb-block-2680a5ad alignfull uagb-is-root-container\"><div class=\"uagb-container-inner-blocks-wrap\">\n<div class=\"wp-block-uagb-advanced-heading uagb-block-bc93f32d\"><h3 class=\"uagb-heading-text\">Des r\u00e9sultats concrets pour nos clients<\/h3><p class=\"uagb-desc-text\">CODENIX nous a aid\u00e9s \u00e0 moderniser notre pr\u00e9sence en ligne avec un site rapide, professionnel et pens\u00e9 pour convertir.<\/p><\/div>\n<\/div><\/div>\n\n\n\n<div class=\"wp-block-uagb-container uagb-block-dbe96949 alignfull uagb-is-root-container\"><div class=\"uagb-container-inner-blocks-wrap\">\n<div class=\"wp-block-uagb-advanced-heading uagb-block-609b96ec\"><h2 class=\"uagb-heading-text\">Pourquoi choisir CODENIX<\/h2><p class=\"uagb-desc-text\">Des solutions web modernes, rapides et pens\u00e9es pour d\u00e9velopper votre activit\u00e9 en ligne.<br><br>\u2714 Design professionnel &amp; moderne<br>\u2714 Performance &amp; rapidit\u00e9<br>\u2714 Optimisation SEO<br>\u2714 Accompagnement sur mesure<\/p><\/div>\n\n\n\n<div class=\"wp-block-uagb-container uagb-block-95751d1b\"><\/div>\n<\/div><\/div>\n\n\n\n<div class=\"wp-block-uagb-container uagb-block-b997312a alignfull uagb-is-root-container\"><div class=\"uagb-container-inner-blocks-wrap\">\n<div class=\"wp-block-uagb-container uagb-layout-grid uagb-block-005fba1f\">\n<div class=\"wp-block-uagb-advanced-heading uagb-block-12865cae\"><h3 class=\"uagb-heading-text\">Pr\u00eat \u00e0 d\u00e9velopper votre activit\u00e9 en ligne ?<\/h3><p class=\"uagb-desc-text\">Obtenez un site web moderne, rapide et con\u00e7u pour convertir vos visiteurs en clients.<\/p><\/div>\n\n\n\n<div class=\"wp-block-uagb-buttons uagb-buttons__outer-wrap uagb-btn__default-btn uagb-btn-tablet__default-btn uagb-btn-mobile__default-btn uagb-block-2c953428\"><div class=\"uagb-buttons__wrap uagb-buttons-layout-wrap \">\n<div class=\"wp-block-uagb-buttons-child uagb-buttons__outer-wrap uagb-block-8bb4b826 wp-block-button\"><div class=\"uagb-button__wrapper\"><a class=\"uagb-buttons-repeater wp-block-button__link\" aria-label=\"\" href=\"https:\/\/codenix-agency.com\/contact\" rel=\"follow noopener\" target=\"_self\" role=\"button\"><div class=\"uagb-button__link\"><strong>D\u00e9marrer mon projet<\/strong><\/div><\/a><\/div><\/div>\n<\/div><\/div>\n<\/div>\n<\/div><\/div>\n","protected":false},"excerpt":{"rendered":"<p>\u200bNos services Nous accompagnons les entreprises dans la cr\u00e9ation de sites web modernes, performants et optimis\u00e9s pour d\u00e9velopper leur activit\u00e9. Nos r\u00e9alisations D\u00e9couvrez quelques projets que nous avons r\u00e9alis\u00e9s pour aider nos clients \u00e0 d\u00e9velopper leur pr\u00e9sence digitale et g\u00e9n\u00e9rer plus de r\u00e9sultats. Nos clients Des entreprises qui font confiance \u00e0 CODENIX pour leur croissance [&hellip;]<\/p>\n","protected":false},"author":1,"featured_media":0,"parent":0,"menu_order":0,"comment_status":"closed","ping_status":"closed","template":"","meta":{"_uag_custom_page_level_css":"","site-sidebar-layout":"no-sidebar","site-content-layout":"page-builder","ast-site-content-layout":"full-width-container","site-content-style":"unboxed","site-sidebar-style":"unboxed","ast-global-header-display":"","ast-banner-title-visibility":"","ast-main-header-display":"","ast-hfb-above-header-display":"","ast-hfb-below-header-display":"","ast-hfb-mobile-header-display":"","site-post-title":"","ast-breadcrumbs-content":"","ast-featured-img":"disabled","footer-sml-layout":"","ast-disable-related-posts":"","theme-transparent-header-meta":"enabled","adv-header-id-meta":"","stick-header-meta":"","header-above-stick-meta":"","header-main-stick-meta":"","header-below-stick-meta":"","astra-migrate-meta-layouts":"set","ast-page-background-enabled":"default","ast-page-background-meta":{"desktop":{"background-color":"","background-image":"","background-repeat":"repeat","background-position":"center center","background-size":"auto","background-attachment":"scroll","background-type":"","background-media":"","overlay-type":"","overlay-color":"","overlay-opacity":"","overlay-gradient":""},"tablet":{"background-color":"","background-image":"","background-repeat":"repeat","background-position":"center center","background-size":"auto","background-attachment":"scroll","background-type":"","background-media":"","overlay-type":"","overlay-color":"","overlay-opacity":"","overlay-gradient":""},"mobile":{"background-color":"","background-image":"","background-repeat":"repeat","background-position":"center center","background-size":"auto","background-attachment":"scroll","background-type":"","background-media":"","overlay-type":"","overlay-color":"","overlay-opacity":"","overlay-gradient":""}},"ast-content-background-meta":{"desktop":{"background-color":"var(--ast-global-color-5)","background-image":"","background-repeat":"repeat","background-position":"center center","background-size":"auto","background-attachment":"scroll","background-type":"","background-media":"","overlay-type":"","overlay-color":"","overlay-opacity":"","overlay-gradient":""},"tablet":{"background-color":"var(--ast-global-color-5)","background-image":"","background-repeat":"repeat","background-position":"center center","background-size":"auto","background-attachment":"scroll","background-type":"","background-media":"","overlay-type":"","overlay-color":"","overlay-opacity":"","overlay-gradient":""},"mobile":{"background-color":"var(--ast-global-color-5)","background-image":"","background-repeat":"repeat","background-position":"center center","background-size":"auto","background-attachment":"scroll","background-type":"","background-media":"","overlay-type":"","overlay-color":"","overlay-opacity":"","overlay-gradient":""}},"footnotes":""},"class_list":["post-1488","page","type-page","status-publish","hentry"],"aioseo_notices":[],"_hostinger_reach_plugin_has_subscription_block":false,"_hostinger_reach_plugin_is_elementor":false,"uagb_featured_image_src":{"full":false,"thumbnail":false,"medium":false,"medium_large":false,"large":false,"1536x1536":false,"2048x2048":false,"trp-custom-language-flag":false,"woocommerce_thumbnail":false,"woocommerce_single":false,"woocommerce_gallery_thumbnail":false},"uagb_author_info":{"display_name":"montejoyannick@gmail.com","author_link":"https:\/\/codenix-agency.com\/fr_fr\/author\/montejoyannickgmail-com\/"},"uagb_comment_info":0,"uagb_excerpt":"\u200bNos services Nous accompagnons les entreprises dans la cr\u00e9ation de sites web modernes, performants et optimis\u00e9s pour d\u00e9velopper leur activit\u00e9. Nos r\u00e9alisations D\u00e9couvrez quelques projets que nous avons r\u00e9alis\u00e9s pour aider nos clients \u00e0 d\u00e9velopper leur pr\u00e9sence digitale et g\u00e9n\u00e9rer plus de r\u00e9sultats. Nos clients Des entreprises qui font confiance \u00e0 CODENIX pour leur croissance\u2026","_links":{"self":[{"href":"https:\/\/codenix-agency.com\/fr_fr\/wp-json\/wp\/v2\/pages\/1488","targetHints":{"allow":["GET"]}}],"collection":[{"href":"https:\/\/codenix-agency.com\/fr_fr\/wp-json\/wp\/v2\/pages"}],"about":[{"href":"https:\/\/codenix-agency.com\/fr_fr\/wp-json\/wp\/v2\/types\/page"}],"author":[{"embeddable":true,"href":"https:\/\/codenix-agency.com\/fr_fr\/wp-json\/wp\/v2\/users\/1"}],"replies":[{"embeddable":true,"href":"https:\/\/codenix-agency.com\/fr_fr\/wp-json\/wp\/v2\/comments?post=1488"}],"version-history":[{"count":249,"href":"https:\/\/codenix-agency.com\/fr_fr\/wp-json\/wp\/v2\/pages\/1488\/revisions"}],"predecessor-version":[{"id":4038,"href":"https:\/\/codenix-agency.com\/fr_fr\/wp-json\/wp\/v2\/pages\/1488\/revisions\/4038"}],"wp:attachment":[{"href":"https:\/\/codenix-agency.com\/fr_fr\/wp-json\/wp\/v2\/media?parent=1488"}],"curies":[{"name":"wp","href":"https:\/\/api.w.org\/{rel}","templated":true}]}}